{"id":12181,"date":"2016-08-30T12:30:36","date_gmt":"2016-08-30T10:30:36","guid":{"rendered":"http:\/\/www.tribur.ch\/?page_id=12181&#038;lang=fr"},"modified":"2019-05-01T11:44:06","modified_gmt":"2019-05-01T09:44:06","slug":"elbo-controlli2__trashed","status":"publish","type":"page","link":"https:\/\/www.tribur.ch\/fr\/elbo-controlli2__trashed\/","title":{"rendered":"Elbo Controlli"},"content":{"rendered":"<div class=\"fusion-fullwidth fullwidth-box fusion-builder-row-1 nonhundred-percent-fullwidth non-hundred-percent-height-scrolling\" style=\"background-color: #ffffff;background-position: center center;background-repeat: no-repeat;padding-top:0px;padding-right:0px;padding-bottom:0px;padding-left:0px;margin-bottom: 0px;margin-top: 0px;border-width: 0px 0px 0px 0px;border-color:#eae9e9;border-style:solid;\" ><div class=\"fusion-builder-row fusion-row\"><div class=\"fusion-layout-column fusion_builder_column fusion-builder-column-0 fusion_builder_column_1_5 1_5 fusion-one-fifth fusion-column-first\" style=\"width:20%;width:calc(20% - ( ( 4% + 4% + 4% ) * 0.2 ) );margin-right: 4%;margin-top:0px;margin-bottom:0px;\"><div class=\"fusion-column-wrapper fusion-flex-column-wrapper-legacy\" style=\"background-position:left top;background-repeat:no-repeat;-webkit-background-size:cover;-moz-background-size:cover;-o-background-size:cover;background-size:cover;padding: 0px 0px 0px 0px;\"><div class=\"fusion-clearfix\"><\/div><\/div><\/div><div class=\"fusion-layout-column fusion_builder_column fusion-builder-column-1 fusion_builder_column_1_5 1_5 fusion-one-fifth\" style=\"width:20%;width:calc(20% - ( ( 4% + 4% + 4% ) * 0.2 ) );margin-right: 4%;margin-top:0px;margin-bottom:0px;\"><div class=\"fusion-column-wrapper fusion-flex-column-wrapper-legacy\" style=\"background-position:left top;background-repeat:no-repeat;-webkit-background-size:cover;-moz-background-size:cover;-o-background-size:cover;background-size:cover;padding: 0px 0px 0px 0px;\"><div class=\"imageframe-align-center\"><span class=\" fusion-imageframe imageframe-none imageframe-1 hover-type-none\"><a class=\"fusion-no-lightbox\" href=\"www.elbocontrolli.it\" target=\"_self\"><img decoding=\"async\" src=\"https:\/\/www.tribur.ch\/wp-content\/uploads\/2018\/12\/Elbo-Controlli-325x54.jpg\" alt class=\"img-responsive\"\/><\/a><\/span><\/div><div class=\"fusion-sep-clear\"><\/div><div class=\"fusion-separator fusion-full-width-sep\" style=\"margin-left: auto;margin-right: auto;width:100%;\"><\/div><div class=\"fusion-sep-clear\"><\/div><a class=\"fusion-modal-text-link\" data-toggle=\"modal\" data-target=\".fusion-modal.www.elbocontrolli.it\" href=\"#\">www.elbocontrolli.it<\/a><div class=\"fusion-sep-clear\"><\/div><div class=\"fusion-separator fusion-full-width-sep\" style=\"margin-left: auto;margin-right: auto;width:100%;\"><\/div><div class=\"fusion-sep-clear\"><\/div><div class=\"fusion-video fusion-youtube\" style=\"max-width:600px;max-height:360px;\"><div class=\"video-shortcode\"><iframe title=\"YouTube video player 1\" src=\"https:\/\/www.youtube.com\/embed\/H9nZxZpRdqE?wmode=transparent&autoplay=0\" width=\"600\" height=\"360\" allowfullscreen allow=\"autoplay; fullscreen\"><\/iframe><\/div><\/div><div class=\"fusion-clearfix\"><\/div><\/div><\/div><div class=\"fusion-layout-column fusion_builder_column fusion-builder-column-2 fusion_builder_column_2_5 2_5 fusion-two-fifth\" style=\"width:40%;width:calc(40% - ( ( 4% + 4% + 4% ) * 0.4 ) );margin-right: 4%;margin-top:0px;margin-bottom:0px;\"><div class=\"fusion-column-wrapper fusion-flex-column-wrapper-legacy\" style=\"background-position:left top;background-repeat:no-repeat;-webkit-background-size:cover;-moz-background-size:cover;-o-background-size:cover;background-size:cover;padding: 0px 0px 0px 0px;\"><div class=\"fusion-text fusion-text-1\"><p>ELBO CONTROLLI s.r.l. a \u00e9t\u00e9 fond\u00e9e en 1983. Ses fondateurs \u00e9taient un groupe de techniciens qui avaient fait de tr\u00e8s nombreuses et pr\u00e9cieuses exp\u00e9riences dans plusieurs entreprises. L&#8217;\u00e9change de savoir et d&#8217;exp\u00e9rience, alli\u00e9 \u00e0 de constantes recherches et d\u00e9veloppements permanents, a amen\u00e9 l&#8217;entreprise, en seulement quelques ann\u00e9es, \u00e0 grandir et \u00eatre reconnue.<\/p>\n<p>Aujourd&#8217;hui, ELBO CONTROLLI s.r.l. est l&#8217;une des entreprises les plus respect\u00e9es dans la production d&#8217;appareils \u00e9lectroniques pour machines d&#8217;usinage \u00e0 l&#8217;\u00e9chelle internationale.<\/p>\n<p>ELBO CONTROLLI s.r.l. v\u00e9rifie et d\u00e9veloppe constamment ses produits. C&#8217;est pour cette raison que la compagnie est divis\u00e9e en quatre d\u00e9partements : <strong>la m\u00e9canique, l&#8217;\u00e9lectronique, l&#8217;optique et les logiciels.<\/strong> Le succ\u00e8s et la technologie des produits sont le r\u00e9sultat des quatre d\u00e9partements qui agissent ensemble et forment une unit\u00e9.<\/p>\n<p>Chacun des \u00e9l\u00e9ments des appareils de r\u00e9glage sont enti\u00e8rement d\u00e9velopp\u00e9s par ELBO CONTROLLI s.r.l.. Les ing\u00e9nieurs recherchent tout ce qui a trait \u00e0 l&#8217;application &#8220;\u00e9talonnage de l&#8217;outil&#8221;.<\/p>\n<p>Depuis 1988, ELBO CONTROLLI s.r.l. a d\u00e9velopp\u00e9 plus de 26 mod\u00e8les diff\u00e9rents (un par an) afin d&#8217;introduire de nombreuses technologies innovantes. La plus importante des nouveaut\u00e9s est le <em>granit naturel<\/em> pour la base et les colonnes.<\/p>\n<\/div><div class=\"fusion-clearfix\"><\/div><\/div><\/div><div class=\"fusion-layout-column fusion_builder_column fusion-builder-column-3 fusion_builder_column_1_5 1_5 fusion-one-fifth fusion-column-last\" style=\"width:20%;width:calc(20% - ( ( 4% + 4% + 4% ) * 0.2 ) );margin-top:0px;margin-bottom:0px;\"><div class=\"fusion-column-wrapper fusion-flex-column-wrapper-legacy\" style=\"background-position:left top;background-repeat:no-repeat;-webkit-background-size:cover;-moz-background-size:cover;-o-background-size:cover;background-size:cover;padding: 0px 0px 0px 0px;\"><div class=\"fusion-clearfix\"><\/div><\/div><\/div><\/div><\/div>\n","protected":false},"excerpt":{"rendered":"","protected":false},"author":1,"featured_media":0,"parent":0,"menu_order":0,"comment_status":"closed","ping_status":"closed","template":"","meta":[],"_links":{"self":[{"href":"https:\/\/www.tribur.ch\/fr\/wp-json\/wp\/v2\/pages\/12181"}],"collection":[{"href":"https:\/\/www.tribur.ch\/fr\/wp-json\/wp\/v2\/pages"}],"about":[{"href":"https:\/\/www.tribur.ch\/fr\/wp-json\/wp\/v2\/types\/page"}],"author":[{"embeddable":true,"href":"https:\/\/www.tribur.ch\/fr\/wp-json\/wp\/v2\/users\/1"}],"replies":[{"embeddable":true,"href":"https:\/\/www.tribur.ch\/fr\/wp-json\/wp\/v2\/comments?post=12181"}],"version-history":[{"count":2,"href":"https:\/\/www.tribur.ch\/fr\/wp-json\/wp\/v2\/pages\/12181\/revisions"}],"predecessor-version":[{"id":12186,"href":"https:\/\/www.tribur.ch\/fr\/wp-json\/wp\/v2\/pages\/12181\/revisions\/12186"}],"wp:attachment":[{"href":"https:\/\/www.tribur.ch\/fr\/wp-json\/wp\/v2\/media?parent=12181"}],"curies":[{"name":"wp","href":"https:\/\/api.w.org\/{rel}","templated":true}]}}